{"id":208,"date":"2026-04-21T10:52:39","date_gmt":"2026-04-21T08:52:39","guid":{"rendered":"https:\/\/shops.business-future.at\/shop\/0120\/?post_type=product&#038;p=208"},"modified":"2026-04-21T10:52:39","modified_gmt":"2026-04-21T08:52:39","slug":"chloe-chloe-white-paddington-leder-umhaengetasche","status":"publish","type":"product","link":"https:\/\/shops.business-future.at\/shop\/0120\/produkt\/chloe-chloe-white-paddington-leder-umhaengetasche\/","title":{"rendered":"Chlo\u00e9 Chloe White Paddington Leder Umh\u00e4ngetasche"},"content":{"rendered":"<p>Diese Paddington Handtasche verf\u00fcgt \u00fcber einen Lederk\u00f6rper, eine vordere Au\u00dfentasche mit Klappe, gerollte Ledergriffe, Ein goldfarbenes Vorh\u00e4ngeschloss-Detail, ein Rei\u00dfverschluss oben, und eine Innentasche mit Rei\u00dfverschluss. Es tr\u00e4gt eine B + -Bewertung. \u00c4u\u00dfere R\u00fcckseite ist verf\u00e4rbt. Au\u00dfenboden ist verf\u00e4rbt und fleckig. Au\u00dfenecken sind verf\u00e4rbt. Au\u00dfenfront ist verf\u00e4rbt. \u00c4u\u00dferer Griff ist verf\u00e4rbt. Au\u00dfentasche ist verf\u00e4rbt. Au\u00dfenseite ist verf\u00e4rbt. Bolzen ist zerkratzt und angelaufen. Rei\u00dfverschluss ist zerkratzt und angelaufen. Innenfutter ist verf\u00e4rbt. Innentasche ist verf\u00e4rbt. Ma\u00dfe: L\u00e4nge: 15 cm Breite: 35 cm Tiefe: 18 cm Fallen: 22 Einschl\u00fcsse: Staubbeutel, Echtheitskarte Farbe wei\u00df Material: Leder x Kalb Herkunftsland: Frankreich<\/p>\n","protected":false},"excerpt":{"rendered":"<p>Diese Paddington Handtasche verf\u00fcgt \u00fcber einen Lederk\u00f6rper, eine vordere Au\u00dfentasche mit Klappe, gerollte Ledergriffe, Ein goldfarbenes Vorh\u00e4ngeschloss-Detail, ein Rei\u00dfverschluss oben, und eine Innentasche mit Rei\u00dfverschluss. Es tr\u00e4gt eine B + -Bewertung. \u00c4u\u00dfere R\u00fcckseite ist verf\u00e4rbt. Au\u00dfenboden ist verf\u00e4rbt und fleckig. Au\u00dfenecken sind verf\u00e4rbt. Au\u00dfenfront ist verf\u00e4rbt. \u00c4u\u00dferer Griff ist verf\u00e4rbt. Au\u00dfentasche ist verf\u00e4rbt. Au\u00dfenseite ist [&hellip;]<\/p>\n","protected":false},"featured_media":209,"template":"","meta":[],"product_cat":[44],"product_tag":[],"class_list":{"0":"post-208","1":"product","2":"type-product","3":"status-publish","4":"has-post-thumbnail","6":"product_cat-bekleidung-und-schuhe","8":"first","9":"instock","10":"sale","11":"taxable","12":"shipping-taxable","13":"purchasable","14":"product-type-simple"},"_links":{"self":[{"href":"https:\/\/shops.business-future.at\/shop\/0120\/wp-json\/wp\/v2\/product\/208"}],"collection":[{"href":"https:\/\/shops.business-future.at\/shop\/0120\/wp-json\/wp\/v2\/product"}],"about":[{"href":"https:\/\/shops.business-future.at\/shop\/0120\/wp-json\/wp\/v2\/types\/product"}],"wp:featuredmedia":[{"embeddable":true,"href":"https:\/\/shops.business-future.at\/shop\/0120\/wp-json\/wp\/v2\/media\/209"}],"wp:attachment":[{"href":"https:\/\/shops.business-future.at\/shop\/0120\/wp-json\/wp\/v2\/media?parent=208"}],"wp:term":[{"taxonomy":"product_cat","embeddable":true,"href":"https:\/\/shops.business-future.at\/shop\/0120\/wp-json\/wp\/v2\/product_cat?post=208"},{"taxonomy":"product_tag","embeddable":true,"href":"https:\/\/shops.business-future.at\/shop\/0120\/wp-json\/wp\/v2\/product_tag?post=208"}],"curies":[{"name":"wp","href":"https:\/\/api.w.org\/{rel}","templated":true}]}}