{"id":222,"date":"2026-04-21T11:58:31","date_gmt":"2026-04-21T09:58:31","guid":{"rendered":"https:\/\/shops.business-future.at\/shop\/0119\/?post_type=product&#038;p=222"},"modified":"2026-04-21T11:58:31","modified_gmt":"2026-04-21T09:58:31","slug":"jausenbox-ice-princess","status":"publish","type":"product","link":"https:\/\/shops.business-future.at\/shop\/0119\/produkt\/jausenbox-ice-princess\/","title":{"rendered":"Jausenbox &#8222;Ice Princess&#8220;"},"content":{"rendered":"<p data-start=\"145\" data-end=\"326\">Diese robuste Jausenbox ist ideal f\u00fcr Schule, Training und unterwegs. Sie bietet ausreichend Platz f\u00fcr Snacks und kleine Mahlzeiten und ist leicht sowie praktisch zu transportieren.<\/p>\n<p data-start=\"328\" data-end=\"420\">Der stabile Aufbau sorgt daf\u00fcr, dass die Box auch im Alltag zuverl\u00e4ssig genutzt werden kann.<\/p>\n<p data-start=\"422\" data-end=\"630\"><strong data-start=\"424\" data-end=\"450\">Besondere Eigenschaft:<\/strong><br data-start=\"450\" data-end=\"453\" \/>Die Jausenbox verf\u00fcgt \u00fcber eine <strong data-start=\"485\" data-end=\"513\">herausnehmbare Trennwand<\/strong>, mit der Lebensmittel getrennt aufbewahrt werden k\u00f6nnen \u2013 perfekt f\u00fcr Obst, Snacks und Hauptspeisen ohne Vermischen.<\/p>\n","protected":false},"excerpt":{"rendered":"<p>Diese robuste Jausenbox ist ideal f\u00fcr Schule, Training und unterwegs. Sie bietet ausreichend Platz f\u00fcr Snacks und kleine Mahlzeiten und ist leicht sowie praktisch zu transportieren. Der stabile Aufbau sorgt daf\u00fcr, dass die Box auch im Alltag zuverl\u00e4ssig genutzt werden kann. Besondere Eigenschaft:Die Jausenbox verf\u00fcgt \u00fcber eine herausnehmbare Trennwand, mit der Lebensmittel getrennt aufbewahrt werden [&hellip;]<\/p>\n","protected":false},"featured_media":223,"template":"","meta":[],"product_cat":[34],"product_tag":[],"class_list":{"0":"post-222","1":"product","2":"type-product","3":"status-publish","4":"has-post-thumbnail","6":"product_cat-buecher-musik-und-games","8":"first","9":"instock","10":"taxable","11":"shipping-taxable","12":"purchasable","13":"product-type-simple"},"_links":{"self":[{"href":"https:\/\/shops.business-future.at\/shop\/0119\/wp-json\/wp\/v2\/product\/222"}],"collection":[{"href":"https:\/\/shops.business-future.at\/shop\/0119\/wp-json\/wp\/v2\/product"}],"about":[{"href":"https:\/\/shops.business-future.at\/shop\/0119\/wp-json\/wp\/v2\/types\/product"}],"wp:featuredmedia":[{"embeddable":true,"href":"https:\/\/shops.business-future.at\/shop\/0119\/wp-json\/wp\/v2\/media\/223"}],"wp:attachment":[{"href":"https:\/\/shops.business-future.at\/shop\/0119\/wp-json\/wp\/v2\/media?parent=222"}],"wp:term":[{"taxonomy":"product_cat","embeddable":true,"href":"https:\/\/shops.business-future.at\/shop\/0119\/wp-json\/wp\/v2\/product_cat?post=222"},{"taxonomy":"product_tag","embeddable":true,"href":"https:\/\/shops.business-future.at\/shop\/0119\/wp-json\/wp\/v2\/product_tag?post=222"}],"curies":[{"name":"wp","href":"https:\/\/api.w.org\/{rel}","templated":true}]}}