{"id":219,"date":"2026-04-21T11:54:35","date_gmt":"2026-04-21T09:54:35","guid":{"rendered":"https:\/\/shops.business-future.at\/shop\/0119\/?post_type=product&#038;p=219"},"modified":"2026-04-21T11:54:35","modified_gmt":"2026-04-21T09:54:35","slug":"wasserflasche","status":"publish","type":"product","link":"https:\/\/shops.business-future.at\/shop\/0119\/produkt\/wasserflasche\/","title":{"rendered":"Wasserflasche"},"content":{"rendered":"<p data-start=\"46\" data-end=\"268\">Diese hochwertige Trinkflasche aus robustem <strong data-start=\"90\" data-end=\"103\">Edelstahl<\/strong> ist der perfekte Begleiter f\u00fcr Training, Schule und Alltag. Der klare <strong data-start=\"174\" data-end=\"204\">\u201eI love Ice Skating\u201c-Aufdruck<\/strong> macht sie zu einem echten Statement f\u00fcr alle Eiskunstlauf-Fans.<\/p>\n<p data-start=\"270\" data-end=\"451\">Die doppelwandige Isolierung h\u00e4lt Getr\u00e4nke <strong data-start=\"313\" data-end=\"337\">lange kalt oder warm<\/strong>, w\u00e4hrend das stabile Material f\u00fcr eine lange Lebensdauer sorgt \u2013 ideal f\u00fcr den t\u00e4glichen Einsatz in der Eishalle.<\/p>\n","protected":false},"excerpt":{"rendered":"<p>Diese hochwertige Trinkflasche aus robustem Edelstahl ist der perfekte Begleiter f\u00fcr Training, Schule und Alltag. Der klare \u201eI love Ice Skating\u201c-Aufdruck macht sie zu einem echten Statement f\u00fcr alle Eiskunstlauf-Fans. Die doppelwandige Isolierung h\u00e4lt Getr\u00e4nke lange kalt oder warm, w\u00e4hrend das stabile Material f\u00fcr eine lange Lebensdauer sorgt \u2013 ideal f\u00fcr den t\u00e4glichen Einsatz in [&hellip;]<\/p>\n","protected":false},"featured_media":220,"template":"","meta":[],"product_cat":[34],"product_tag":[],"class_list":{"0":"post-219","1":"product","2":"type-product","3":"status-publish","4":"has-post-thumbnail","6":"product_cat-buecher-musik-und-games","8":"first","9":"instock","10":"sale","11":"taxable","12":"shipping-taxable","13":"purchasable","14":"product-type-simple"},"_links":{"self":[{"href":"https:\/\/shops.business-future.at\/shop\/0119\/wp-json\/wp\/v2\/product\/219"}],"collection":[{"href":"https:\/\/shops.business-future.at\/shop\/0119\/wp-json\/wp\/v2\/product"}],"about":[{"href":"https:\/\/shops.business-future.at\/shop\/0119\/wp-json\/wp\/v2\/types\/product"}],"wp:featuredmedia":[{"embeddable":true,"href":"https:\/\/shops.business-future.at\/shop\/0119\/wp-json\/wp\/v2\/media\/220"}],"wp:attachment":[{"href":"https:\/\/shops.business-future.at\/shop\/0119\/wp-json\/wp\/v2\/media?parent=219"}],"wp:term":[{"taxonomy":"product_cat","embeddable":true,"href":"https:\/\/shops.business-future.at\/shop\/0119\/wp-json\/wp\/v2\/product_cat?post=219"},{"taxonomy":"product_tag","embeddable":true,"href":"https:\/\/shops.business-future.at\/shop\/0119\/wp-json\/wp\/v2\/product_tag?post=219"}],"curies":[{"name":"wp","href":"https:\/\/api.w.org\/{rel}","templated":true}]}}