{"id":216,"date":"2026-04-21T11:49:40","date_gmt":"2026-04-21T09:49:40","guid":{"rendered":"https:\/\/shops.business-future.at\/shop\/0119\/?post_type=product&#038;p=216"},"modified":"2026-04-21T11:49:40","modified_gmt":"2026-04-21T09:49:40","slug":"eiskunstlaufkleid-modell-noxia","status":"publish","type":"product","link":"https:\/\/shops.business-future.at\/shop\/0119\/produkt\/eiskunstlaufkleid-modell-noxia\/","title":{"rendered":"Eiskunstlaufkleid Modell NOXIA"},"content":{"rendered":"<section class=\"text-token-text-primary w-full focus:outline-none [--shadow-height:45px] has-data-writing-block:pointer-events-none has-data-writing-block:-mt-(--shadow-height) has-data-writing-block:pt-(--shadow-height) [&amp;:has([data-writing-block])&gt;*]:pointer-events-auto [content-visibility:auto] supports-[content-visibility:auto]:[contain-intrinsic-size:auto_100lvh] R6Vx5W_threadScrollVars scroll-mb-[calc(var(--scroll-root-safe-area-inset-bottom,0px)+var(--thread-response-height))] scroll-mt-[calc(var(--header-height)+min(200px,max(70px,20svh)))]\" dir=\"auto\" data-turn-id=\"request-69e73eb7-4e64-8391-895a-eaf9479ec18c-16\" data-testid=\"conversation-turn-48\" data-scroll-anchor=\"false\" data-turn=\"assistant\">\n<div class=\"text-base my-auto mx-auto pb-10 [--thread-content-margin:var(--thread-content-margin-xs,calc(var(--spacing)*4))] @w-sm\/main:[--thread-content-margin:var(--thread-content-margin-sm,calc(var(--spacing)*6))] @w-lg\/main:[--thread-content-margin:var(--thread-content-margin-lg,calc(var(--spacing)*16))] px-(--thread-content-margin)\">\n<div class=\"[--thread-content-max-width:40rem] @w-lg\/main:[--thread-content-max-width:48rem] mx-auto max-w-(--thread-content-max-width) flex-1 group\/turn-messages focus-visible:outline-hidden relative flex w-full min-w-0 flex-col agent-turn\">\n<div class=\"flex max-w-full flex-col gap-4 grow\">\n<div class=\"min-h-8 text-message relative flex w-full flex-col items-end gap-2 text-start break-words whitespace-normal outline-none keyboard-focused:focus-ring [.text-message+&amp;]:mt-1\" dir=\"auto\" data-message-author-role=\"assistant\" data-message-id=\"4721a72a-6d95-48fa-b39f-cb3f4db2acbd\" data-message-model-slug=\"gpt-5-3-mini\" data-turn-start-message=\"true\">\n<div class=\"flex w-full flex-col gap-1 empty:hidden\">\n<div class=\"markdown prose dark:prose-invert w-full wrap-break-word light markdown-new-styling\">\n<p data-start=\"0\" data-end=\"34\"><strong data-start=\"0\" data-end=\"34\">Modell NOXIA<\/strong><\/p>\n<p data-start=\"36\" data-end=\"281\">Modell <strong data-start=\"43\" data-end=\"52\">NOXIA<\/strong> ist ein edles Eiskunstlaufkleid in tiefem Schwarz mit feinem Glitzer, der bei jeder Bewegung dezent im Licht schimmert. Der elastische, figurbetonte Stoff sorgt f\u00fcr eine perfekte Passform und volle Bewegungsfreiheit auf dem Eis.<\/p>\n<p data-start=\"283\" data-end=\"482\" data-is-last-node=\"\" data-is-only-node=\"\"><strong data-start=\"285\" data-end=\"311\">Besondere Eigenschaft:<\/strong><br data-start=\"311\" data-end=\"314\" \/>Das Kleid verf\u00fcgt \u00fcber einen <strong data-start=\"343\" data-end=\"382\">lichtreflektierenden Glitzerverlauf<\/strong>, der bei Drehungen einen flie\u00dfenden, funkelnden Effekt erzeugt und die Bewegungen besonders betont.<\/p>\n<\/div>\n<\/div>\n<\/div>\n<\/div>\n<div class=\"z-0 flex min-h-[46px] justify-start\"><\/div>\n<div class=\"mt-3 w-full empty:hidden\">\n<div class=\"text-center\"><\/div>\n<\/div>\n<\/div>\n<\/div>\n<\/section>\n<div class=\"pointer-events-none -mt-px h-px translate-y-[calc(var(--scroll-root-safe-area-inset-bottom)-14*var(--spacing))]\" aria-hidden=\"true\"><\/div>\n","protected":false},"excerpt":{"rendered":"<p>Modell NOXIA Modell NOXIA ist ein edles Eiskunstlaufkleid in tiefem Schwarz mit feinem Glitzer, der bei jeder Bewegung dezent im Licht schimmert. Der elastische, figurbetonte Stoff sorgt f\u00fcr eine perfekte Passform und volle Bewegungsfreiheit auf dem Eis. Besondere Eigenschaft:Das Kleid verf\u00fcgt \u00fcber einen lichtreflektierenden Glitzerverlauf, der bei Drehungen einen flie\u00dfenden, funkelnden Effekt erzeugt und die [&hellip;]<\/p>\n","protected":false},"featured_media":217,"template":"","meta":[],"product_cat":[34],"product_tag":[],"class_list":{"0":"post-216","1":"product","2":"type-product","3":"status-publish","4":"has-post-thumbnail","6":"product_cat-buecher-musik-und-games","8":"first","9":"instock","10":"taxable","11":"shipping-taxable","12":"purchasable","13":"product-type-simple"},"_links":{"self":[{"href":"https:\/\/shops.business-future.at\/shop\/0119\/wp-json\/wp\/v2\/product\/216"}],"collection":[{"href":"https:\/\/shops.business-future.at\/shop\/0119\/wp-json\/wp\/v2\/product"}],"about":[{"href":"https:\/\/shops.business-future.at\/shop\/0119\/wp-json\/wp\/v2\/types\/product"}],"wp:featuredmedia":[{"embeddable":true,"href":"https:\/\/shops.business-future.at\/shop\/0119\/wp-json\/wp\/v2\/media\/217"}],"wp:attachment":[{"href":"https:\/\/shops.business-future.at\/shop\/0119\/wp-json\/wp\/v2\/media?parent=216"}],"wp:term":[{"taxonomy":"product_cat","embeddable":true,"href":"https:\/\/shops.business-future.at\/shop\/0119\/wp-json\/wp\/v2\/product_cat?post=216"},{"taxonomy":"product_tag","embeddable":true,"href":"https:\/\/shops.business-future.at\/shop\/0119\/wp-json\/wp\/v2\/product_tag?post=216"}],"curies":[{"name":"wp","href":"https:\/\/api.w.org\/{rel}","templated":true}]}}