{"id":214,"date":"2026-04-21T11:44:54","date_gmt":"2026-04-21T09:44:54","guid":{"rendered":"https:\/\/shops.business-future.at\/shop\/0119\/?post_type=product&#038;p=214"},"modified":"2026-04-21T11:44:54","modified_gmt":"2026-04-21T09:44:54","slug":"eislaukunstschuhe-modelle-fainaara","status":"publish","type":"product","link":"https:\/\/shops.business-future.at\/shop\/0119\/produkt\/eislaukunstschuhe-modelle-fainaara\/","title":{"rendered":"Eislaukunstschuhe Modelle FAINAARA"},"content":{"rendered":"<p data-start=\"39\" data-end=\"285\">Modell <strong data-start=\"46\" data-end=\"58\">FAINAARA<\/strong> ist ein eleganter Eiskunstlaufschuh in klassischem <strong data-start=\"110\" data-end=\"118\">Wei\u00df<\/strong> mit hochwertiger Verarbeitung und stabilem Halt f\u00fcr Training und Wettkampf. Das feste Au\u00dfenmaterial unterst\u00fctzt sichere Spr\u00fcnge und saubere Kantenf\u00fchrung auf dem Eis.<\/p>\n<p data-start=\"287\" data-end=\"398\">Innen ist der Schuh <strong data-start=\"307\" data-end=\"335\">weich und warm gef\u00fcttert<\/strong>, was f\u00fcr hohen Tragekomfort auch bei l\u00e4ngeren Einheiten sorgt.<\/p>\n","protected":false},"excerpt":{"rendered":"<p>Modell FAINAARA ist ein eleganter Eiskunstlaufschuh in klassischem Wei\u00df mit hochwertiger Verarbeitung und stabilem Halt f\u00fcr Training und Wettkampf. Das feste Au\u00dfenmaterial unterst\u00fctzt sichere Spr\u00fcnge und saubere Kantenf\u00fchrung auf dem Eis. Innen ist der Schuh weich und warm gef\u00fcttert, was f\u00fcr hohen Tragekomfort auch bei l\u00e4ngeren Einheiten sorgt.<\/p>\n","protected":false},"featured_media":215,"template":"","meta":[],"product_cat":[34],"product_tag":[],"class_list":{"0":"post-214","1":"product","2":"type-product","3":"status-publish","4":"has-post-thumbnail","6":"product_cat-buecher-musik-und-games","8":"first","9":"instock","10":"taxable","11":"shipping-taxable","12":"purchasable","13":"product-type-simple"},"_links":{"self":[{"href":"https:\/\/shops.business-future.at\/shop\/0119\/wp-json\/wp\/v2\/product\/214"}],"collection":[{"href":"https:\/\/shops.business-future.at\/shop\/0119\/wp-json\/wp\/v2\/product"}],"about":[{"href":"https:\/\/shops.business-future.at\/shop\/0119\/wp-json\/wp\/v2\/types\/product"}],"wp:featuredmedia":[{"embeddable":true,"href":"https:\/\/shops.business-future.at\/shop\/0119\/wp-json\/wp\/v2\/media\/215"}],"wp:attachment":[{"href":"https:\/\/shops.business-future.at\/shop\/0119\/wp-json\/wp\/v2\/media?parent=214"}],"wp:term":[{"taxonomy":"product_cat","embeddable":true,"href":"https:\/\/shops.business-future.at\/shop\/0119\/wp-json\/wp\/v2\/product_cat?post=214"},{"taxonomy":"product_tag","embeddable":true,"href":"https:\/\/shops.business-future.at\/shop\/0119\/wp-json\/wp\/v2\/product_tag?post=214"}],"curies":[{"name":"wp","href":"https:\/\/api.w.org\/{rel}","templated":true}]}}