{"id":212,"date":"2026-04-21T11:39:32","date_gmt":"2026-04-21T09:39:32","guid":{"rendered":"https:\/\/shops.business-future.at\/shop\/0119\/?post_type=product&#038;p=212"},"modified":"2026-04-21T11:39:32","modified_gmt":"2026-04-21T09:39:32","slug":"eiskunstlaufschuh-modell-vero","status":"publish","type":"product","link":"https:\/\/shops.business-future.at\/shop\/0119\/produkt\/eiskunstlaufschuh-modell-vero\/","title":{"rendered":"Eiskunstlaufschuh Modell VERO"},"content":{"rendered":"<section class=\"text-token-text-primary w-full focus:outline-none [--shadow-height:45px] has-data-writing-block:pointer-events-none has-data-writing-block:-mt-(--shadow-height) has-data-writing-block:pt-(--shadow-height) [&amp;:has([data-writing-block])&gt;*]:pointer-events-auto [content-visibility:auto] supports-[content-visibility:auto]:[contain-intrinsic-size:auto_100lvh] R6Vx5W_threadScrollVars scroll-mb-[calc(var(--scroll-root-safe-area-inset-bottom,0px)+var(--thread-response-height))] scroll-mt-[calc(var(--header-height)+min(200px,max(70px,20svh)))]\" dir=\"auto\" data-turn-id=\"request-69e73eb7-4e64-8391-895a-eaf9479ec18c-9\" data-testid=\"conversation-turn-34\" data-scroll-anchor=\"false\" data-turn=\"assistant\">\n<div class=\"text-base my-auto mx-auto pb-10 [--thread-content-margin:var(--thread-content-margin-xs,calc(var(--spacing)*4))] @w-sm\/main:[--thread-content-margin:var(--thread-content-margin-sm,calc(var(--spacing)*6))] @w-lg\/main:[--thread-content-margin:var(--thread-content-margin-lg,calc(var(--spacing)*16))] px-(--thread-content-margin)\">\n<div class=\"[--thread-content-max-width:40rem] @w-lg\/main:[--thread-content-max-width:48rem] mx-auto max-w-(--thread-content-max-width) flex-1 group\/turn-messages focus-visible:outline-hidden relative flex w-full min-w-0 flex-col agent-turn\">\n<div class=\"flex max-w-full flex-col gap-4 grow\">\n<div class=\"min-h-8 text-message relative flex w-full flex-col items-end gap-2 text-start break-words whitespace-normal outline-none keyboard-focused:focus-ring [.text-message+&amp;]:mt-1\" dir=\"auto\" data-message-author-role=\"assistant\" data-message-id=\"e3b36af4-7cac-4fe4-a98c-1d4d91d98eb2\" data-message-model-slug=\"gpt-5-3-mini\" data-turn-start-message=\"true\">\n<div class=\"flex w-full flex-col gap-1 empty:hidden\">\n<div class=\"markdown prose dark:prose-invert w-full wrap-break-word light markdown-new-styling\">\n<p data-start=\"35\" data-end=\"253\">Modell <strong data-start=\"42\" data-end=\"50\">VERO<\/strong> ist ein klassischer Eiskunstlaufschuh mit eleganter, leicht gl\u00e4nzender <strong data-start=\"122\" data-end=\"144\">brauner Lederoptik<\/strong>. Das stabile Au\u00dfenmaterial bietet guten Halt und unterst\u00fctzt saubere Kanten und sichere Spr\u00fcnge auf dem Eis.<\/p>\n<p data-start=\"255\" data-end=\"419\">Innen ist der Schuh <strong data-start=\"275\" data-end=\"294\">weich gef\u00fcttert<\/strong>, wodurch ein angenehmer Tragekomfort und gute W\u00e4rmeisolierung gew\u00e4hrleistet sind \u2013 ideal f\u00fcr Training und l\u00e4ngere Einheiten.<\/p>\n<p data-start=\"421\" data-end=\"593\" data-is-last-node=\"\" data-is-only-node=\"\">Die robuste Verarbeitung sorgt f\u00fcr Stabilit\u00e4t und Langlebigkeit, w\u00e4hrend das zeitlose Design ihn zu einem zuverl\u00e4ssigen Begleiter f\u00fcr Einsteiger und Fortgeschrittene macht.<\/p>\n<\/div>\n<\/div>\n<\/div>\n<\/div>\n<div class=\"z-0 flex min-h-[46px] justify-start\"><\/div>\n<div class=\"mt-3 w-full empty:hidden\">\n<div class=\"text-center\"><\/div>\n<\/div>\n<\/div>\n<\/div>\n<\/section>\n<div class=\"pointer-events-none -mt-px h-px translate-y-[calc(var(--scroll-root-safe-area-inset-bottom)-14*var(--spacing))]\" aria-hidden=\"true\"><\/div>\n","protected":false},"excerpt":{"rendered":"<p>Modell VERO ist ein klassischer Eiskunstlaufschuh mit eleganter, leicht gl\u00e4nzender brauner Lederoptik. Das stabile Au\u00dfenmaterial bietet guten Halt und unterst\u00fctzt saubere Kanten und sichere Spr\u00fcnge auf dem Eis. Innen ist der Schuh weich gef\u00fcttert, wodurch ein angenehmer Tragekomfort und gute W\u00e4rmeisolierung gew\u00e4hrleistet sind \u2013 ideal f\u00fcr Training und l\u00e4ngere Einheiten. Die robuste Verarbeitung sorgt f\u00fcr [&hellip;]<\/p>\n","protected":false},"featured_media":213,"template":"","meta":[],"product_cat":[34],"product_tag":[],"class_list":{"0":"post-212","1":"product","2":"type-product","3":"status-publish","4":"has-post-thumbnail","6":"product_cat-buecher-musik-und-games","8":"first","9":"instock","10":"sale","11":"taxable","12":"shipping-taxable","13":"purchasable","14":"product-type-simple"},"_links":{"self":[{"href":"https:\/\/shops.business-future.at\/shop\/0119\/wp-json\/wp\/v2\/product\/212"}],"collection":[{"href":"https:\/\/shops.business-future.at\/shop\/0119\/wp-json\/wp\/v2\/product"}],"about":[{"href":"https:\/\/shops.business-future.at\/shop\/0119\/wp-json\/wp\/v2\/types\/product"}],"wp:featuredmedia":[{"embeddable":true,"href":"https:\/\/shops.business-future.at\/shop\/0119\/wp-json\/wp\/v2\/media\/213"}],"wp:attachment":[{"href":"https:\/\/shops.business-future.at\/shop\/0119\/wp-json\/wp\/v2\/media?parent=212"}],"wp:term":[{"taxonomy":"product_cat","embeddable":true,"href":"https:\/\/shops.business-future.at\/shop\/0119\/wp-json\/wp\/v2\/product_cat?post=212"},{"taxonomy":"product_tag","embeddable":true,"href":"https:\/\/shops.business-future.at\/shop\/0119\/wp-json\/wp\/v2\/product_tag?post=212"}],"curies":[{"name":"wp","href":"https:\/\/api.w.org\/{rel}","templated":true}]}}