{"id":216,"date":"2026-04-21T11:56:55","date_gmt":"2026-04-21T09:56:55","guid":{"rendered":"https:\/\/shops.business-future.at\/shop\/0118\/?post_type=product&#038;p=216"},"modified":"2026-04-21T11:56:55","modified_gmt":"2026-04-21T09:56:55","slug":"fg-signature-homes-4","status":"publish","type":"product","link":"https:\/\/shops.business-future.at\/shop\/0118\/produkt\/fg-signature-homes-4\/","title":{"rendered":"FG Signature Homes"},"content":{"rendered":"<p>Das Anwesen verf\u00fcgt \u00fcber insgesamt 7 elegante Schlafgem\u00e4cher die mit Ma\u00dfbetten, Luxusmatratzen und Einbauten vom Schreiner versehen sind, 7 exklusiv ausgestattete B\u00e4der, 4 gro\u00dfz\u00fcgige Terrassen und 4 Balkone, 3 hochwertige Einbauk\u00fcchen wo Gourmets wie Hobbyk\u00f6chen das Herz bis zum Hals schlagen wird, ein Weinkeller, eine stilvolle Bibliothek, ein Heimkino, ein Aufzug f\u00fcr zw\u00f6lf Personen, ein Billardraum und eine Luxusgarage f\u00fcr bis zu 18 Fahrzeuge und 3 Au\u00dfenpl\u00e4tze.<\/p>\n","protected":false},"excerpt":{"rendered":"<p>Das Anwesen verf\u00fcgt \u00fcber insgesamt 7 elegante Schlafgem\u00e4cher die mit Ma\u00dfbetten, Luxusmatratzen und Einbauten vom Schreiner versehen sind, 7 exklusiv ausgestattete B\u00e4der, 4 gro\u00dfz\u00fcgige Terrassen und 4 Balkone, 3 hochwertige Einbauk\u00fcchen wo Gourmets wie Hobbyk\u00f6chen das Herz bis zum Hals schlagen wird, ein Weinkeller, eine stilvolle Bibliothek, ein Heimkino, ein Aufzug f\u00fcr zw\u00f6lf Personen, ein [&hellip;]<\/p>\n","protected":false},"featured_media":217,"template":"","meta":[],"product_cat":[34],"product_tag":[],"class_list":{"0":"post-216","1":"product","2":"type-product","3":"status-publish","4":"has-post-thumbnail","6":"product_cat-buecher-musik-und-games","8":"first","9":"instock","10":"sale","11":"taxable","12":"shipping-taxable","13":"purchasable","14":"product-type-simple"},"_links":{"self":[{"href":"https:\/\/shops.business-future.at\/shop\/0118\/wp-json\/wp\/v2\/product\/216"}],"collection":[{"href":"https:\/\/shops.business-future.at\/shop\/0118\/wp-json\/wp\/v2\/product"}],"about":[{"href":"https:\/\/shops.business-future.at\/shop\/0118\/wp-json\/wp\/v2\/types\/product"}],"wp:featuredmedia":[{"embeddable":true,"href":"https:\/\/shops.business-future.at\/shop\/0118\/wp-json\/wp\/v2\/media\/217"}],"wp:attachment":[{"href":"https:\/\/shops.business-future.at\/shop\/0118\/wp-json\/wp\/v2\/media?parent=216"}],"wp:term":[{"taxonomy":"product_cat","embeddable":true,"href":"https:\/\/shops.business-future.at\/shop\/0118\/wp-json\/wp\/v2\/product_cat?post=216"},{"taxonomy":"product_tag","embeddable":true,"href":"https:\/\/shops.business-future.at\/shop\/0118\/wp-json\/wp\/v2\/product_tag?post=216"}],"curies":[{"name":"wp","href":"https:\/\/api.w.org\/{rel}","templated":true}]}}