{"id":208,"date":"2026-04-21T11:00:48","date_gmt":"2026-04-21T09:00:48","guid":{"rendered":"https:\/\/shops.business-future.at\/shop\/0118\/?post_type=product&#038;p=208"},"modified":"2026-04-21T11:09:28","modified_gmt":"2026-04-21T09:09:28","slug":"fg-signature-homes","status":"publish","type":"product","link":"https:\/\/shops.business-future.at\/shop\/0118\/produkt\/fg-signature-homes\/","title":{"rendered":"FG Signature Homes"},"content":{"rendered":"<p>Im Herzen des charmanten Servitenviertels, befindet sich das exklusive Wohnprojekt LE PETIT LION. Das historische Gr\u00fcnderzeithaus aus dem Jahr 1890 wird mit viel Liebe zum Detail revitalisiert. Mit einer Wohnfl\u00e4che von 90m\u00b2, gro\u00dfz\u00fcgigen Balkonen und einem luxuri\u00f6sen Penthouse garantiert LE PETIT LION h\u00f6chsten Wohnkomfort in einer der begehrtesten Wohngegenden Wiens.<\/p>\n","protected":false},"excerpt":{"rendered":"<p>Im Herzen des charmanten Servitenviertels, befindet sich das exklusive Wohnprojekt LE PETIT LION. Das historische Gr\u00fcnderzeithaus aus dem Jahr 1890 wird mit viel Liebe zum Detail revitalisiert. Mit einer Wohnfl\u00e4che von 90m\u00b2, gro\u00dfz\u00fcgigen Balkonen und einem luxuri\u00f6sen Penthouse garantiert LE PETIT LION h\u00f6chsten Wohnkomfort in einer der begehrtesten Wohngegenden Wiens.<\/p>\n","protected":false},"featured_media":209,"template":"","meta":[],"product_cat":[34],"product_tag":[],"class_list":{"0":"post-208","1":"product","2":"type-product","3":"status-publish","4":"has-post-thumbnail","6":"product_cat-buecher-musik-und-games","8":"first","9":"instock","10":"sale","11":"taxable","12":"shipping-taxable","13":"purchasable","14":"product-type-simple"},"_links":{"self":[{"href":"https:\/\/shops.business-future.at\/shop\/0118\/wp-json\/wp\/v2\/product\/208"}],"collection":[{"href":"https:\/\/shops.business-future.at\/shop\/0118\/wp-json\/wp\/v2\/product"}],"about":[{"href":"https:\/\/shops.business-future.at\/shop\/0118\/wp-json\/wp\/v2\/types\/product"}],"wp:featuredmedia":[{"embeddable":true,"href":"https:\/\/shops.business-future.at\/shop\/0118\/wp-json\/wp\/v2\/media\/209"}],"wp:attachment":[{"href":"https:\/\/shops.business-future.at\/shop\/0118\/wp-json\/wp\/v2\/media?parent=208"}],"wp:term":[{"taxonomy":"product_cat","embeddable":true,"href":"https:\/\/shops.business-future.at\/shop\/0118\/wp-json\/wp\/v2\/product_cat?post=208"},{"taxonomy":"product_tag","embeddable":true,"href":"https:\/\/shops.business-future.at\/shop\/0118\/wp-json\/wp\/v2\/product_tag?post=208"}],"curies":[{"name":"wp","href":"https:\/\/api.w.org\/{rel}","templated":true}]}}