{"id":217,"date":"2025-11-04T19:52:30","date_gmt":"2025-11-04T18:52:30","guid":{"rendered":"https:\/\/shops.business-future.at\/shop\/0076\/?post_type=product&#038;p=217"},"modified":"2025-11-06T08:35:20","modified_gmt":"2025-11-06T07:35:20","slug":"grip-socks-5-paar-weiss","status":"publish","type":"product","link":"https:\/\/shops.business-future.at\/shop\/0076\/produkt\/grip-socks-5-paar-weiss\/","title":{"rendered":"Grip Socks 5 Paar wei\u00df"},"content":{"rendered":"<table width=\"125\">\n<tbody>\n<tr>\n<td width=\"125\">5 Paare Fu\u00dfball Socken, 39-46 Fu\u00dfballsocken Anti Rutsch Grip Fu\u00dfball Socken Sportsocken f\u00fcr Herren Damen Fussball Basketball Laufen<\/td>\n<\/tr>\n<\/tbody>\n<\/table>\n","protected":false},"excerpt":{"rendered":"<p>5 Paare Fu\u00dfball Socken, 39-46 Fu\u00dfballsocken Anti Rutsch Grip Fu\u00dfball Socken Sportsocken f\u00fcr Herren Damen Fussball Basketball Laufen<\/p>\n","protected":false},"featured_media":165,"template":"","meta":[],"product_cat":[],"product_tag":[],"class_list":{"0":"post-217","1":"product","2":"type-product","3":"status-publish","4":"has-post-thumbnail","7":"first","8":"instock","9":"taxable","10":"shipping-taxable","11":"purchasable","12":"product-type-simple"},"_links":{"self":[{"href":"https:\/\/shops.business-future.at\/shop\/0076\/wp-json\/wp\/v2\/product\/217"}],"collection":[{"href":"https:\/\/shops.business-future.at\/shop\/0076\/wp-json\/wp\/v2\/product"}],"about":[{"href":"https:\/\/shops.business-future.at\/shop\/0076\/wp-json\/wp\/v2\/types\/product"}],"wp:featuredmedia":[{"embeddable":true,"href":"https:\/\/shops.business-future.at\/shop\/0076\/wp-json\/wp\/v2\/media\/165"}],"wp:attachment":[{"href":"https:\/\/shops.business-future.at\/shop\/0076\/wp-json\/wp\/v2\/media?parent=217"}],"wp:term":[{"taxonomy":"product_cat","embeddable":true,"href":"https:\/\/shops.business-future.at\/shop\/0076\/wp-json\/wp\/v2\/product_cat?post=217"},{"taxonomy":"product_tag","embeddable":true,"href":"https:\/\/shops.business-future.at\/shop\/0076\/wp-json\/wp\/v2\/product_tag?post=217"}],"curies":[{"name":"wp","href":"https:\/\/api.w.org\/{rel}","templated":true}]}}